{"id":1100,"date":"2016-03-16T19:50:28","date_gmt":"2016-03-16T19:50:28","guid":{"rendered":"https:\/\/demo05.houzez.co\/?page_id=1100"},"modified":"2025-02-15T11:09:57","modified_gmt":"2025-02-15T16:09:57","slug":"contact","status":"publish","type":"page","link":"https:\/\/prestiplex.com\/en\/contact\/","title":{"rendered":"Contact"},"content":{"rendered":"\t\t<div data-elementor-type=\"wp-post\" data-elementor-id=\"1100\" class=\"elementor elementor-1100\">\n\t\t\t\t\t\t<section class=\"elementor-section elementor-top-section elementor-element elementor-element-9720dde elementor-section-full_width elementor-section-height-min-height elementor-section-height-default elementor-section-items-middle\" data-id=\"9720dde\" data-element_type=\"section\" data-settings=\"{&quot;background_background&quot;:&quot;classic&quot;}\">\n\t\t\t\t\t\t<div class=\"elementor-container elementor-column-gap-default\">\n\t\t\t\t\t<div class=\"elementor-column elementor-col-100 elementor-top-column elementor-element elementor-element-5f0e1b8\" data-id=\"5f0e1b8\" data-element_type=\"column\" data-settings=\"{&quot;background_background&quot;:&quot;classic&quot;}\">\n\t\t\t<div class=\"elementor-widget-wrap elementor-element-populated\">\n\t\t\t\t\t\t<div class=\"elementor-element elementor-element-b9611ae elementor-widget elementor-widget-heading\" data-id=\"b9611ae\" data-element_type=\"widget\" data-widget_type=\"heading.default\">\n\t\t\t\t<div class=\"elementor-widget-container\">\n\t\t\t<style>\/*! elementor - v3.23.0 - 23-07-2024 *\/\n.elementor-heading-title{padding:0;margin:0;line-height:1}.elementor-widget-heading .elementor-heading-title[class*=elementor-size-]>a{color:inherit;font-size:inherit;line-height:inherit}.elementor-widget-heading .elementor-heading-title.elementor-size-small{font-size:15px}.elementor-widget-heading .elementor-heading-title.elementor-size-medium{font-size:19px}.elementor-widget-heading .elementor-heading-title.elementor-size-large{font-size:29px}.elementor-widget-heading .elementor-heading-title.elementor-size-xl{font-size:39px}.elementor-widget-heading .elementor-heading-title.elementor-size-xxl{font-size:59px}<\/style><h1 class=\"elementor-heading-title elementor-size-default\">Nous contacter<\/h1>\t\t<\/div>\n\t\t\t\t<\/div>\n\t\t\t\t\t<\/div>\n\t\t<\/div>\n\t\t\t\t\t<\/div>\n\t\t<\/section>\n\t\t\t\t<section class=\"elementor-section elementor-top-section elementor-element elementor-element-1c2b866 elementor-section-boxed elementor-section-height-default elementor-section-height-default\" data-id=\"1c2b866\" data-element_type=\"section\">\n\t\t\t\t\t\t<div class=\"elementor-container elementor-column-gap-default\">\n\t\t\t\t\t<div class=\"elementor-column elementor-col-100 elementor-top-column elementor-element elementor-element-8ea4d99\" data-id=\"8ea4d99\" data-element_type=\"column\">\n\t\t\t<div class=\"elementor-widget-wrap elementor-element-populated\">\n\t\t\t\t\t\t<div class=\"elementor-element elementor-element-5cee3ca elementor-widget elementor-widget-text-editor\" data-id=\"5cee3ca\" data-element_type=\"widget\" data-widget_type=\"text-editor.default\">\n\t\t\t\t<div class=\"elementor-widget-container\">\n\t\t\t<style>\/*! elementor - v3.23.0 - 23-07-2024 *\/\n.elementor-widget-text-editor.elementor-drop-cap-view-stacked .elementor-drop-cap{background-color:#69727d;color:#fff}.elementor-widget-text-editor.elementor-drop-cap-view-framed .elementor-drop-cap{color:#69727d;border:3px solid;background-color:transparent}.elementor-widget-text-editor:not(.elementor-drop-cap-view-default) .elementor-drop-cap{margin-top:8px}.elementor-widget-text-editor:not(.elementor-drop-cap-view-default) .elementor-drop-cap-letter{width:1em;height:1em}.elementor-widget-text-editor .elementor-drop-cap{float:left;text-align:center;line-height:1;font-size:50px}.elementor-widget-text-editor .elementor-drop-cap-letter{display:inline-block}<\/style>\t\t\t\t<p><span style=\"color: #000000; white-space-collapse: preserve;\"><strong>Vous \u00eates propri\u00e9taire<\/strong> et vous avez des questions sur nos services? R<\/span><span style=\"color: #000000; white-space-collapse: preserve;\">emplissez le formulaire<\/span><span style=\"color: #000000; white-space-collapse: preserve;\"> ou contacter nous via les <\/span><span style=\"color: #000000; white-space-collapse: preserve;\">coordonn\u00e9es ci-dessous.<\/span><\/p><p>Si vous \u00eates locataire <span style=\"color: #000000; white-space-collapse: preserve;\">et souhaitez remplir une demande d&#8217;entretien, cliquez plut\u00f4t ici.<\/span><span style=\"color: #000000; white-space-collapse: preserve;\"><br \/><\/span><\/p>\t\t\t\t\t\t<\/div>\n\t\t\t\t<\/div>\n\t\t\t\t\t<\/div>\n\t\t<\/div>\n\t\t\t\t\t<\/div>\n\t\t<\/section>\n\t\t\t\t<section class=\"elementor-section elementor-top-section elementor-element elementor-element-6ce8eee elementor-section-boxed elementor-section-height-default elementor-section-height-default\" data-id=\"6ce8eee\" data-element_type=\"section\" data-settings=\"{&quot;background_background&quot;:&quot;classic&quot;}\">\n\t\t\t\t\t\t<div class=\"elementor-container elementor-column-gap-default\">\n\t\t\t\t\t<div class=\"elementor-column elementor-col-50 elementor-top-column elementor-element elementor-element-2b7b630\" data-id=\"2b7b630\" data-element_type=\"column\" data-settings=\"{&quot;background_background&quot;:&quot;classic&quot;}\">\n\t\t\t<div class=\"elementor-widget-wrap elementor-element-populated\">\n\t\t\t\t\t\t<div class=\"elementor-element elementor-element-a6c7d8a elementor-widget elementor-widget-text-editor\" data-id=\"a6c7d8a\" data-element_type=\"widget\" data-widget_type=\"text-editor.default\">\n\t\t\t\t<div class=\"elementor-widget-container\">\n\t\t\t\t\t\t\t<p><span style=\"white-space-collapse: preserve; font-weight: bold; color: #000000;\">Gestion immobili\u00e8re Prestiplex<\/span><br style=\"white-space-collapse: preserve; color: #000000;\" \/><span style=\"white-space-collapse: preserve; color: #000000;\">100, rue Richmond, <\/span><br style=\"white-space-collapse: preserve; color: #000000;\" \/><span style=\"white-space-collapse: preserve; color: #000000;\">Sherbrooke (QC), <\/span>J1H 3T9<\/p><p><span style=\"white-space-collapse: preserve; color: #000000;\"><a style=\"transition-property: all;\" href=\"tel:8192009434\">819-200-9434<\/a><\/span><span style=\"white-space-collapse: preserve; color: #000000;\"> poste #1<\/span><br style=\"white-space-collapse: preserve; color: #000000;\" \/><span style=\"white-space-collapse: preserve; color: #000000;\"><a style=\"transition-property: all;\" href=\"mail:info@prestiplex.com\">info@prestiplex.com<\/a><br \/><br \/><strong>Heures d&#8217;ouverture<\/strong><br \/>Lundi au vendredi : <strong>9h \u00e0 16h30<\/strong><br \/>Samedi et dimanche : <strong>Ferm\u00e9<\/strong><\/span><\/p>\t\t\t\t\t\t<\/div>\n\t\t\t\t<\/div>\n\t\t\t\t\t<\/div>\n\t\t<\/div>\n\t\t\t\t<div class=\"elementor-column elementor-col-50 elementor-top-column elementor-element elementor-element-850d50c\" data-id=\"850d50c\" data-element_type=\"column\">\n\t\t\t<div class=\"elementor-widget-wrap elementor-element-populated\">\n\t\t\t\t\t\t<div class=\"elementor-element elementor-element-1d866ca elementor-widget elementor-widget-image\" data-id=\"1d866ca\" data-element_type=\"widget\" data-widget_type=\"image.default\">\n\t\t\t\t<div class=\"elementor-widget-container\">\n\t\t\t<style>\/*! elementor - v3.23.0 - 23-07-2024 *\/\n.elementor-widget-image{text-align:center}.elementor-widget-image a{display:inline-block}.elementor-widget-image a img[src$=\".svg\"]{width:48px}.elementor-widget-image img{vertical-align:middle;display:inline-block}<\/style>\t\t\t\t\t\t\t\t\t\t<img fetchpriority=\"high\" decoding=\"async\" width=\"492\" height=\"266\" src=\"https:\/\/prestiplex.com\/wp-content\/uploads\/2025\/02\/position-prestiplex-.png\" class=\"attachment-large size-large wp-image-7756\" alt=\"position-prestiplex-map\" srcset=\"https:\/\/prestiplex.com\/wp-content\/uploads\/2025\/02\/position-prestiplex-.png 492w, https:\/\/prestiplex.com\/wp-content\/uploads\/2025\/02\/position-prestiplex--300x162.png 300w, https:\/\/prestiplex.com\/wp-content\/uploads\/2025\/02\/position-prestiplex--18x10.png 18w\" sizes=\"(max-width: 492px) 100vw, 492px\" \/>\t\t\t\t\t\t\t\t\t\t\t\t\t<\/div>\n\t\t\t\t<\/div>\n\t\t\t\t\t<\/div>\n\t\t<\/div>\n\t\t\t\t\t<\/div>\n\t\t<\/section>\n\t\t\t\t<section class=\"elementor-section elementor-top-section elementor-element elementor-element-98f39ac elementor-section-boxed elementor-section-height-default elementor-section-height-default\" data-id=\"98f39ac\" data-element_type=\"section\">\n\t\t\t\t\t\t<div class=\"elementor-container elementor-column-gap-default\">\n\t\t\t\t\t<div class=\"elementor-column elementor-col-100 elementor-top-column elementor-element elementor-element-b049d5d\" data-id=\"b049d5d\" data-element_type=\"column\">\n\t\t\t<div class=\"elementor-widget-wrap elementor-element-populated\">\n\t\t\t\t\t\t<div class=\"elementor-element elementor-element-e24128a elementor-widget elementor-widget-houzez_elementor_space\" data-id=\"e24128a\" data-element_type=\"widget\" data-widget_type=\"houzez_elementor_space.default\">\n\t\t\t\t<div class=\"elementor-widget-container\">\n\t\t\t        <div class=\"houzez-spacer\">\n            <div class=\"houzez-spacer-inner\"><\/div>\n        <\/div>\n        \t\t<\/div>\n\t\t\t\t<\/div>\n\t\t\t\t<div class=\"elementor-element elementor-element-23fcff1 elementor-widget elementor-widget-html\" data-id=\"23fcff1\" data-element_type=\"widget\" data-widget_type=\"html.default\">\n\t\t\t\t<div class=\"elementor-widget-container\">\n\t\t\t\n<div class=\"wpcf7 no-js\" id=\"wpcf7-f6136-o1\" lang=\"fr-CA\" dir=\"ltr\" data-wpcf7-id=\"6136\">\n<div class=\"screen-reader-response\"><p role=\"status\" aria-live=\"polite\" aria-atomic=\"true\"><\/p> <ul><\/ul><\/div>\n<form action=\"\/en\/wp-json\/wp\/v2\/pages\/1100#wpcf7-f6136-o1\" method=\"post\" class=\"wpcf7-form init\" aria-label=\"Contact form\" novalidate=\"novalidate\" data-status=\"init\">\n<fieldset class=\"hidden-fields-container\"><input type=\"hidden\" name=\"_wpcf7\" value=\"6136\" \/><input type=\"hidden\" name=\"_wpcf7_version\" value=\"6.1.5\" \/><input type=\"hidden\" name=\"_wpcf7_locale\" value=\"fr_CA\" \/><input type=\"hidden\" name=\"_wpcf7_unit_tag\" value=\"wpcf7-f6136-o1\" \/><input type=\"hidden\" name=\"_wpcf7_container_post\" value=\"0\" \/><input type=\"hidden\" name=\"_wpcf7_posted_data_hash\" value=\"\" \/><input type=\"hidden\" name=\"_wpcf7_recaptcha_response\" value=\"\" \/>\n<\/fieldset>\n<div class='elementor-widget-container elementor-form-fields-wrapper elementor-labels-above' style='padding: 30px;background-color: #FFFFFF;'>\n\t<style>\n.elementor-field-group p{display:block;}\n.elementor-field-group { display:block; padding-right: calc( 10px\/2 );\n padding-left: calc( 10px\/2 );\n margin-bottom: 10px;}\n\n .elementor-widget-container .btn-custom{background-color: var(--e-global-color-1aefe69 );\n\t<\/style>\n\t<div class='elementor-field-group elementor-column form-group elementor-field-group-name elementor-col-50 elementor-field-required elementor-mark-required'>\n\t\t<p><label class=\"elementor-field-label\">Nom complet<\/label><br \/>\n<span class=\"wpcf7-form-control-wrap\" data-name=\"your-name\"><input size=\"40\" maxlength=\"400\" class=\"wpcf7-form-control wpcf7-text wpcf7-validates-as-required form-control elementor-size-sm\" autocomplete=\"name\" aria-required=\"true\" aria-invalid=\"false\" value=\"\" type=\"text\" name=\"your-name\" \/><\/span>\n\t\t<\/p>\n\t<\/div>\n\t<div class='elementor-field-group elementor-column form-group elementor-field-group-name elementor-col-50 elementor-field-required elementor-mark-required'>\n\t\t<p><label class=\"elementor-field-label\">Courriel<\/label><br \/>\n<span class=\"wpcf7-form-control-wrap\" data-name=\"your-email\"><input size=\"40\" maxlength=\"400\" class=\"wpcf7-form-control wpcf7-email wpcf7-validates-as-required wpcf7-text wpcf7-validates-as-email form-control elementor-size-sm\" autocomplete=\"email\" aria-required=\"true\" aria-invalid=\"false\" value=\"\" type=\"email\" name=\"your-email\" \/><\/span>\n\t\t<\/p>\n\t<\/div>\n\t<div class='elementor-field-group elementor-column form-group elementor-field-group-name elementor-col-50 elementor-field-required elementor-mark-required'>\n\t\t<p><label class=\"elementor-field-label\">T\u00e9l\u00e9phone<\/label><br \/>\n<span class=\"wpcf7-form-control-wrap\" data-name=\"your-phone\"><input size=\"40\" maxlength=\"400\" class=\"wpcf7-form-control wpcf7-tel wpcf7-validates-as-required wpcf7-text wpcf7-validates-as-tel form-control elementor-size-sm\" autocomplete=\"tel\" aria-required=\"true\" aria-invalid=\"false\" value=\"\" type=\"tel\" name=\"your-phone\" \/><\/span>\n\t\t<\/p>\n\t<\/div>\n\t<div class='elementor-field-group elementor-column form-group elementor-field-group-name elementor-col-50 elementor-field-required elementor-mark-required'>\n\t\t<p><label class=\"elementor-field-label\">Service<\/label><br \/>\n<span class=\"wpcf7-form-control-wrap\" data-name=\"service\"><select class=\"wpcf7-form-control wpcf7-select wpcf7-validates-as-required form-control elementor-size-sm\" aria-required=\"true\" aria-invalid=\"false\" name=\"service\"><option value=\"\">&#8212;Please choose an option&#8212;<\/option><option value=\"Gestion immobili\u00e8re\">Gestion immobili\u00e8re<\/option><option value=\"D\u00e9neigement\/Tonte de gazon\">D\u00e9neigement\/Tonte de gazon<\/option><option value=\"Contruction\/R\u00e9novation\">Contruction\/R\u00e9novation<\/option><option value=\"Service de conciergerie\">Service de conciergerie<\/option><option value=\"Service de location\">Service de location<\/option><option value=\"Condominium de luxe\">Condominium de luxe<\/option><\/select><\/span>\n\t\t<\/p>\n\t<\/div>\n\t<div class='elementor-field-group elementor-column form-group elementor-field-group-name elementor-col-100'>\n\t\t<p><label class=\"elementor-field-label\">Votre message (optionel)<\/label><br \/>\n<span class=\"wpcf7-form-control-wrap\" data-name=\"your-message\"><textarea cols=\"40\" rows=\"10\" maxlength=\"2000\" class=\"wpcf7-form-control wpcf7-textarea form-control elementor-size-sm\" aria-invalid=\"false\" name=\"your-message\"><\/textarea><\/span>\n\t\t<\/p>\n\t<\/div>\n\t<div class='elementor-field-group elementor-column elementor-field-type-submit elementor-col-100'>\n\t\t<p><input class=\"wpcf7-form-control wpcf7-submit has-spinner btn houzez-submit-button houzez-contact-form-js elementor-button elementor-size-sm btn-custom\" type=\"submit\" value=\"Envoyer\" \/>\n\t\t<\/p>\n\t<\/div>\n\t<div class='elementor-field-group elementor-column form-group elementor-field-group-name elementor-col-100'>\n\t<div class=\"wpcf7-response-output\" aria-hidden=\"true\"><\/div>\n\t<\/div>\n<\/div>\n<\/form>\n<\/div>\n\t\t<\/div>\n\t\t\t\t<\/div>\n\t\t\t\t<div class=\"elementor-element elementor-element-b50e878 elementor-widget elementor-widget-html\" data-id=\"b50e878\" data-element_type=\"widget\" data-widget_type=\"html.default\">\n\t\t\t\t<div class=\"elementor-widget-container\">\n\t\t\t<?php\nadd_action( 'wp_footer', 'mycustom_wp_footer' );\nfunction mycustom_wp_footer() {\n?>\n<script type=\"text\/javascript\">\n(function($) {\n        $(document).ready(function() {\n\n                fixCF7MultiSubmit();\n\n                function fixCF7MultiSubmit(){\n                                jQuery('input.wpcf7-submit[type=\"submit\"]').click(function() {\n                                        var disabled = jQuery(this).attr('data-disabled');\n                                        if (disabled && disabled == \"disabled\") {\n                                                return false;\n                                        } else {\n                                                jQuery(this).attr('data-disabled',\"disabled\");\n                                                return true;\n                                        }\n                                });\n                        jQuery('.wpcf7').bind(\"wpcf7submit\",function(){\n                                jQuery(this).find('input.wpcf7-submit[type=\"submit\"]').attr('data-disabled',\"enabled\");\n                        });\n                }\n        });\n}(jQuery));\n<\/script>\n<?php\n}\t\t<\/div>\n\t\t\t\t<\/div>\n\t\t\t\t\t<\/div>\n\t\t<\/div>\n\t\t\t\t\t<\/div>\n\t\t<\/section>\n\t\t\t\t<section class=\"elementor-section elementor-top-section elementor-element elementor-element-5f4922b elementor-section-boxed elementor-section-height-default elementor-section-height-default\" data-id=\"5f4922b\" data-element_type=\"section\">\n\t\t\t\t\t\t<div class=\"elementor-container elementor-column-gap-default\">\n\t\t\t\t\t<div class=\"elementor-column elementor-col-100 elementor-top-column elementor-element elementor-element-2a1c3c0\" data-id=\"2a1c3c0\" data-element_type=\"column\">\n\t\t\t<div class=\"elementor-widget-wrap elementor-element-populated\">\n\t\t\t\t\t\t<div class=\"elementor-element elementor-element-6423128 elementor-widget elementor-widget-houzez_elementor_space\" data-id=\"6423128\" data-element_type=\"widget\" data-widget_type=\"houzez_elementor_space.default\">\n\t\t\t\t<div class=\"elementor-widget-container\">\n\t\t\t        <div class=\"houzez-spacer\">\n            <div class=\"houzez-spacer-inner\"><\/div>\n        <\/div>\n        \t\t<\/div>\n\t\t\t\t<\/div>\n\t\t\t\t\t<\/div>\n\t\t<\/div>\n\t\t\t\t\t<\/div>\n\t\t<\/section>\n\t\t\t\t<\/div>\n\t\t","protected":false},"excerpt":{"rendered":"<p>Nous contacter Vous \u00eates propri\u00e9taire et vous avez des questions sur nos services? Remplissez le formulaire ou contacter nous via les coordonn\u00e9es ci-dessous. Si vous \u00eates locataire et souhaitez remplir une demande d&#8217;entretien, cliquez plut\u00f4t ici. Gestion immobili\u00e8re Prestiplex100, rue Richmond, Sherbrooke (QC), J1H 3T9 819-200-9434 poste #1info@prestiplex.com Heures d&#8217;ouvertureLundi au vendredi : 9h \u00e0 [&hellip;]<\/p>\n","protected":false},"author":1,"featured_media":6714,"parent":0,"menu_order":0,"comment_status":"closed","ping_status":"closed","template":"elementor_header_footer","meta":{"footnotes":""},"class_list":["post-1100","page","type-page","status-publish","has-post-thumbnail","hentry"],"aioseo_notices":[],"_links":{"self":[{"href":"https:\/\/prestiplex.com\/en\/wp-json\/wp\/v2\/pages\/1100","targetHints":{"allow":["GET"]}}],"collection":[{"href":"https:\/\/prestiplex.com\/en\/wp-json\/wp\/v2\/pages"}],"about":[{"href":"https:\/\/prestiplex.com\/en\/wp-json\/wp\/v2\/types\/page"}],"author":[{"embeddable":true,"href":"https:\/\/prestiplex.com\/en\/wp-json\/wp\/v2\/users\/1"}],"replies":[{"embeddable":true,"href":"https:\/\/prestiplex.com\/en\/wp-json\/wp\/v2\/comments?post=1100"}],"version-history":[{"count":3,"href":"https:\/\/prestiplex.com\/en\/wp-json\/wp\/v2\/pages\/1100\/revisions"}],"predecessor-version":[{"id":7759,"href":"https:\/\/prestiplex.com\/en\/wp-json\/wp\/v2\/pages\/1100\/revisions\/7759"}],"wp:featuredmedia":[{"embeddable":true,"href":"https:\/\/prestiplex.com\/en\/wp-json\/wp\/v2\/media\/6714"}],"wp:attachment":[{"href":"https:\/\/prestiplex.com\/en\/wp-json\/wp\/v2\/media?parent=1100"}],"curies":[{"name":"wp","href":"https:\/\/api.w.org\/{rel}","templated":true}]}}